{"id":891,"date":"2026-02-24T17:01:06","date_gmt":"2026-02-24T16:01:06","guid":{"rendered":"https:\/\/the-park.ch\/?page_id=891"},"modified":"2026-03-17T17:36:30","modified_gmt":"2026-03-17T16:36:30","slug":"impressum","status":"publish","type":"page","link":"https:\/\/the-park.ch\/index.php\/impressum\/","title":{"rendered":"Impressum"},"content":{"rendered":"\t\t<div data-elementor-type=\"wp-post\" data-elementor-id=\"891\" class=\"elementor elementor-891\" data-elementor-post-type=\"page\">\n\t\t\t\t<div class=\"elementor-element elementor-element-eaa3b65 e-flex e-con-boxed e-con e-parent\" data-id=\"eaa3b65\" data-element_type=\"container\" data-e-type=\"container\" data-settings=\"{&quot;background_background&quot;:&quot;classic&quot;}\">\n\t\t\t\t\t<div class=\"e-con-inner\">\n\t\t<div class=\"elementor-element elementor-element-dfe4798 e-con-full e-flex e-con e-child\" data-id=\"dfe4798\" data-element_type=\"container\" data-e-type=\"container\">\n\t\t\t\t<div class=\"elementor-element elementor-element-ae4a17f elementor-widget elementor-widget-heading\" data-id=\"ae4a17f\" data-element_type=\"widget\" data-e-type=\"widget\" data-widget_type=\"heading.default\">\n\t\t\t\t\t<h2 class=\"elementor-heading-title elementor-size-default\"><b>Impressum<\/b> <\/h2>\t\t\t\t<\/div>\n\t\t\t\t<div class=\"elementor-element elementor-element-62b5e7d elementor-widget elementor-widget-text-editor\" data-id=\"62b5e7d\" data-element_type=\"widget\" data-e-type=\"widget\" data-widget_type=\"text-editor.default\">\n\t\t\t\t\t\t\t\t\t<p><strong><span dir=\"ltr\" role=\"presentation\">EMP Areal 1 AG, c\/o Empira AG<\/span><\/strong><br role=\"presentation\" \/><span dir=\"ltr\" role=\"presentation\">Gubelstrasse 32 6300 Zug,<\/span><br role=\"presentation\" \/><span dir=\"ltr\" role=\"presentation\">Gesch\u00e4ftsf\u00fchrer: Nikola Zorijan<\/span><br role=\"presentation\" \/><span dir=\"ltr\" role=\"presentation\">Tel: +41 41 728 84 28<\/span><\/p><p><br role=\"presentation\" \/><span dir=\"ltr\" role=\"presentation\"><b>Haftungsausschuss<\/b><\/span><br role=\"presentation\" \/><span dir=\"ltr\" role=\"presentation\">Diese Website dient ausschlie\u00dflich der allgemeinen Information und Darstellung \u00fcber die EMP Areal 1 <\/span><span dir=\"ltr\" role=\"presentation\">AG.\u00a0<\/span><span dir=\"ltr\" style=\"font-size: 1rem;\" role=\"presentation\">Die auf dieser Website enthaltenen Informationen und Links wurden sorgf\u00e4ltig recherchiert und auf\u00a0<\/span><span dir=\"ltr\" style=\"font-size: 1rem;\" role=\"presentation\">ihre Richtigkeit \u00fcberpr\u00fcft. F\u00fcr die Richtigkeit, Aktualit\u00e4t, Vollst\u00e4ndigkeit oder Qualit\u00e4t der\u00a0<\/span><span dir=\"ltr\" style=\"font-size: 1rem;\" role=\"presentation\">bereitgestellten Texte und Informationen wird jedoch keine Gew\u00e4hr \u00fcbernommen. Gleiches gilt auch\u00a0<\/span><span dir=\"ltr\" style=\"font-size: 1rem;\" role=\"presentation\">f\u00fcr die Inhalte externer Websites, auf die diese Seite \u00fcber Hyperlinks direkt oder indirekt verweist und\u00a0<\/span><span dir=\"ltr\" style=\"font-size: 1rem;\" role=\"presentation\">auf die wir keinen Einfluss haben. Die EMP Areal 1 AG, macht sich die Inhalte externer Websites in\u00a0<\/span><span dir=\"ltr\" style=\"font-size: 1rem;\" role=\"presentation\">keiner Weise zu eigen und kann deshalb f\u00fcr diese fremden Inhalte auch keine Gew\u00e4hr \u00fcbernehmen.\u00a0<\/span><span dir=\"ltr\" style=\"font-size: 1rem;\" role=\"presentation\">F\u00fcr die Inhalte der verlinkten Seiten ist ausschlie\u00dflich und stets der jeweilige Anbieter oder Betreiber\u00a0<\/span><span dir=\"ltr\" style=\"font-size: 1rem;\" role=\"presentation\">der Seiten verantwortlich.<\/span><\/p><p><strong><span dir=\"ltr\" role=\"presentation\">Webdesign &amp; Maintenance<\/span><\/strong><br role=\"presentation\" \/><a href=\"https:\/\/blankfront.de\" target=\"_blank\" rel=\"noopener\">BLANK FRONT GmbH<\/a><\/p>\t\t\t\t\t\t\t\t<\/div>\n\t\t\t\t<\/div>\n\t\t\t\t\t<\/div>\n\t\t\t\t<\/div>\n\t\t\t\t<\/div>\n\t\t","protected":false},"excerpt":{"rendered":"<p>Impressum EMP Areal 1 AG, c\/o Empira AGGubelstrasse 32 6300 Zug,Gesch\u00e4ftsf\u00fchrer: Nikola ZorijanTel: +41 41 728 84 28 HaftungsausschussDiese Website dient ausschlie\u00dflich der allgemeinen Information und Darstellung \u00fcber die EMP Areal 1 AG.\u00a0Die auf dieser Website enthaltenen Informationen und Links wurden sorgf\u00e4ltig recherchiert und auf\u00a0ihre Richtigkeit \u00fcberpr\u00fcft. F\u00fcr die Richtigkeit, Aktualit\u00e4t, Vollst\u00e4ndigkeit oder Qualit\u00e4t der\u00a0bereitgestellten [&hellip;]<\/p>\n","protected":false},"author":2,"featured_media":0,"parent":0,"menu_order":0,"comment_status":"closed","ping_status":"closed","template":"","meta":{"footnotes":""},"class_list":["post-891","page","type-page","status-publish","hentry"],"yoast_head":"<!-- This site is optimized with the Yoast SEO plugin v27.0 - https:\/\/yoast.com\/product\/yoast-seo-wordpress\/ -->\n<title>Impressum - The Park Steinhausen<\/title>\n<meta name=\"robots\" content=\"index, follow, max-snippet:-1, max-image-preview:large, max-video-preview:-1\" \/>\n<link rel=\"canonical\" href=\"https:\/\/the-park.ch\/index.php\/impressum\/\" \/>\n<meta property=\"og:locale\" content=\"de_DE\" \/>\n<meta property=\"og:type\" content=\"article\" \/>\n<meta property=\"og:title\" content=\"Impressum - The Park Steinhausen\" \/>\n<meta property=\"og:description\" content=\"Impressum EMP Areal 1 AG, c\/o Empira AGGubelstrasse 32 6300 Zug,Gesch\u00e4ftsf\u00fchrer: Nikola ZorijanTel: +41 41 728 84 28 HaftungsausschussDiese Website dient ausschlie\u00dflich der allgemeinen Information und Darstellung \u00fcber die EMP Areal 1 AG.\u00a0Die auf dieser Website enthaltenen Informationen und Links wurden sorgf\u00e4ltig recherchiert und auf\u00a0ihre Richtigkeit \u00fcberpr\u00fcft. F\u00fcr die Richtigkeit, Aktualit\u00e4t, Vollst\u00e4ndigkeit oder Qualit\u00e4t der\u00a0bereitgestellten [&hellip;]\" \/>\n<meta property=\"og:url\" content=\"https:\/\/the-park.ch\/index.php\/impressum\/\" \/>\n<meta property=\"og:site_name\" content=\"The Park Steinhausen\" \/>\n<meta property=\"article:modified_time\" content=\"2026-03-17T16:36:30+00:00\" \/>\n<meta name=\"twitter:card\" content=\"summary_large_image\" \/>\n<meta name=\"twitter:label1\" content=\"Gesch\u00e4tzte Lesezeit\" \/>\n\t<meta name=\"twitter:data1\" content=\"1\u00a0Minute\" \/>\n<script type=\"application\/ld+json\" class=\"yoast-schema-graph\">{\"@context\":\"https:\/\/schema.org\",\"@graph\":[{\"@type\":\"WebPage\",\"@id\":\"https:\/\/the-park.ch\/index.php\/impressum\/\",\"url\":\"https:\/\/the-park.ch\/index.php\/impressum\/\",\"name\":\"Impressum - The Park Steinhausen\",\"isPartOf\":{\"@id\":\"https:\/\/the-park.ch\/#website\"},\"datePublished\":\"2026-02-24T16:01:06+00:00\",\"dateModified\":\"2026-03-17T16:36:30+00:00\",\"breadcrumb\":{\"@id\":\"https:\/\/the-park.ch\/index.php\/impressum\/#breadcrumb\"},\"inLanguage\":\"de\",\"potentialAction\":[{\"@type\":\"ReadAction\",\"target\":[\"https:\/\/the-park.ch\/index.php\/impressum\/\"]}]},{\"@type\":\"BreadcrumbList\",\"@id\":\"https:\/\/the-park.ch\/index.php\/impressum\/#breadcrumb\",\"itemListElement\":[{\"@type\":\"ListItem\",\"position\":1,\"name\":\"Start\",\"item\":\"https:\/\/the-park.ch\/\"},{\"@type\":\"ListItem\",\"position\":2,\"name\":\"Impressum\"}]},{\"@type\":\"WebSite\",\"@id\":\"https:\/\/the-park.ch\/#website\",\"url\":\"https:\/\/the-park.ch\/\",\"name\":\"The Park Steinhausen\",\"description\":\"\",\"publisher\":{\"@id\":\"https:\/\/the-park.ch\/#organization\"},\"potentialAction\":[{\"@type\":\"SearchAction\",\"target\":{\"@type\":\"EntryPoint\",\"urlTemplate\":\"https:\/\/the-park.ch\/?s={search_term_string}\"},\"query-input\":{\"@type\":\"PropertyValueSpecification\",\"valueRequired\":true,\"valueName\":\"search_term_string\"}}],\"inLanguage\":\"de\"},{\"@type\":\"Organization\",\"@id\":\"https:\/\/the-park.ch\/#organization\",\"name\":\"The Park Steinhausen\",\"url\":\"https:\/\/the-park.ch\/\",\"logo\":{\"@type\":\"ImageObject\",\"inLanguage\":\"de\",\"@id\":\"https:\/\/the-park.ch\/#\/schema\/logo\/image\/\",\"url\":\"https:\/\/the-park.ch\/wp-content\/uploads\/2026\/02\/Logo-The-Park-Steinhausen.svg\",\"contentUrl\":\"https:\/\/the-park.ch\/wp-content\/uploads\/2026\/02\/Logo-The-Park-Steinhausen.svg\",\"width\":812,\"height\":363,\"caption\":\"The Park Steinhausen\"},\"image\":{\"@id\":\"https:\/\/the-park.ch\/#\/schema\/logo\/image\/\"}}]}<\/script>\n<!-- \/ Yoast SEO plugin. -->","yoast_head_json":{"title":"Impressum - The Park Steinhausen","robots":{"index":"index","follow":"follow","max-snippet":"max-snippet:-1","max-image-preview":"max-image-preview:large","max-video-preview":"max-video-preview:-1"},"canonical":"https:\/\/the-park.ch\/index.php\/impressum\/","og_locale":"de_DE","og_type":"article","og_title":"Impressum - The Park Steinhausen","og_description":"Impressum EMP Areal 1 AG, c\/o Empira AGGubelstrasse 32 6300 Zug,Gesch\u00e4ftsf\u00fchrer: Nikola ZorijanTel: +41 41 728 84 28 HaftungsausschussDiese Website dient ausschlie\u00dflich der allgemeinen Information und Darstellung \u00fcber die EMP Areal 1 AG.\u00a0Die auf dieser Website enthaltenen Informationen und Links wurden sorgf\u00e4ltig recherchiert und auf\u00a0ihre Richtigkeit \u00fcberpr\u00fcft. F\u00fcr die Richtigkeit, Aktualit\u00e4t, Vollst\u00e4ndigkeit oder Qualit\u00e4t der\u00a0bereitgestellten [&hellip;]","og_url":"https:\/\/the-park.ch\/index.php\/impressum\/","og_site_name":"The Park Steinhausen","article_modified_time":"2026-03-17T16:36:30+00:00","twitter_card":"summary_large_image","twitter_misc":{"Gesch\u00e4tzte Lesezeit":"1\u00a0Minute"},"schema":{"@context":"https:\/\/schema.org","@graph":[{"@type":"WebPage","@id":"https:\/\/the-park.ch\/index.php\/impressum\/","url":"https:\/\/the-park.ch\/index.php\/impressum\/","name":"Impressum - The Park Steinhausen","isPartOf":{"@id":"https:\/\/the-park.ch\/#website"},"datePublished":"2026-02-24T16:01:06+00:00","dateModified":"2026-03-17T16:36:30+00:00","breadcrumb":{"@id":"https:\/\/the-park.ch\/index.php\/impressum\/#breadcrumb"},"inLanguage":"de","potentialAction":[{"@type":"ReadAction","target":["https:\/\/the-park.ch\/index.php\/impressum\/"]}]},{"@type":"BreadcrumbList","@id":"https:\/\/the-park.ch\/index.php\/impressum\/#breadcrumb","itemListElement":[{"@type":"ListItem","position":1,"name":"Start","item":"https:\/\/the-park.ch\/"},{"@type":"ListItem","position":2,"name":"Impressum"}]},{"@type":"WebSite","@id":"https:\/\/the-park.ch\/#website","url":"https:\/\/the-park.ch\/","name":"The Park Steinhausen","description":"","publisher":{"@id":"https:\/\/the-park.ch\/#organization"},"potentialAction":[{"@type":"SearchAction","target":{"@type":"EntryPoint","urlTemplate":"https:\/\/the-park.ch\/?s={search_term_string}"},"query-input":{"@type":"PropertyValueSpecification","valueRequired":true,"valueName":"search_term_string"}}],"inLanguage":"de"},{"@type":"Organization","@id":"https:\/\/the-park.ch\/#organization","name":"The Park Steinhausen","url":"https:\/\/the-park.ch\/","logo":{"@type":"ImageObject","inLanguage":"de","@id":"https:\/\/the-park.ch\/#\/schema\/logo\/image\/","url":"https:\/\/the-park.ch\/wp-content\/uploads\/2026\/02\/Logo-The-Park-Steinhausen.svg","contentUrl":"https:\/\/the-park.ch\/wp-content\/uploads\/2026\/02\/Logo-The-Park-Steinhausen.svg","width":812,"height":363,"caption":"The Park Steinhausen"},"image":{"@id":"https:\/\/the-park.ch\/#\/schema\/logo\/image\/"}}]}},"_links":{"self":[{"href":"https:\/\/the-park.ch\/index.php\/wp-json\/wp\/v2\/pages\/891","targetHints":{"allow":["GET"]}}],"collection":[{"href":"https:\/\/the-park.ch\/index.php\/wp-json\/wp\/v2\/pages"}],"about":[{"href":"https:\/\/the-park.ch\/index.php\/wp-json\/wp\/v2\/types\/page"}],"author":[{"embeddable":true,"href":"https:\/\/the-park.ch\/index.php\/wp-json\/wp\/v2\/users\/2"}],"replies":[{"embeddable":true,"href":"https:\/\/the-park.ch\/index.php\/wp-json\/wp\/v2\/comments?post=891"}],"version-history":[{"count":19,"href":"https:\/\/the-park.ch\/index.php\/wp-json\/wp\/v2\/pages\/891\/revisions"}],"predecessor-version":[{"id":1395,"href":"https:\/\/the-park.ch\/index.php\/wp-json\/wp\/v2\/pages\/891\/revisions\/1395"}],"wp:attachment":[{"href":"https:\/\/the-park.ch\/index.php\/wp-json\/wp\/v2\/media?parent=891"}],"curies":[{"name":"wp","href":"https:\/\/api.w.org\/{rel}","templated":true}]}}